{"id":1647,"date":"2023-11-15T10:22:20","date_gmt":"2023-11-15T10:22:20","guid":{"rendered":"http:\/\/strzelnica-magnum.sitewww.eu\/uncategorized\/karabin-maszynowy-beryl\/"},"modified":"2025-07-23T11:44:47","modified_gmt":"2025-07-23T11:44:47","slug":"karabin-maszynowy-beryl","status":"publish","type":"product","link":"https:\/\/www.strzelnica-magnum.pl\/en\/equipment\/karabin-maszynowy-beryl\/","title":{"rendered":"Karabin Maszynowy Beryl"},"content":{"rendered":"","protected":false},"excerpt":{"rendered":"<p><strong>Opis:<\/strong>\u00a0Polski karabinek szturmowy (kbs 96 Beryl) jest broni\u0105 samoczynno-samopowtarzaln\u0105, przeznaczon\u0105 dla pododdzia\u0142\u00f3w wszystkich rodzaj\u00f3w si\u0142 zbrojnych RP. Konstrukcja odziedziczy\u0142a zalety AK (niezawodno\u015b\u0107, prostota) b\u0119d\u0105c l\u017cejsza, bardziej ergonomiczna ni\u017c pierwowz\u00f3r.<br \/>\n<strong>Cena za strza\u0142 (Price for shot):<\/strong>\u00a06,00<br \/>\n<strong>Kaliber:<\/strong>\u00a0.223 Rem.<\/p>\n","protected":false},"featured_media":3916,"comment_status":"closed","ping_status":"closed","template":"","meta":[],"product_cat":[98,126],"product_tag":[],"class_list":{"0":"post-1647","1":"product","2":"type-product","3":"status-publish","4":"has-post-thumbnail","6":"product_cat-equipment","7":"product_cat-our-equipment","9":"first","10":"instock","11":"product-type-simple"},"_links":{"self":[{"href":"https:\/\/www.strzelnica-magnum.pl\/en\/wp-json\/wp\/v2\/product\/1647","targetHints":{"allow":["GET"]}}],"collection":[{"href":"https:\/\/www.strzelnica-magnum.pl\/en\/wp-json\/wp\/v2\/product"}],"about":[{"href":"https:\/\/www.strzelnica-magnum.pl\/en\/wp-json\/wp\/v2\/types\/product"}],"replies":[{"embeddable":true,"href":"https:\/\/www.strzelnica-magnum.pl\/en\/wp-json\/wp\/v2\/comments?post=1647"}],"wp:featuredmedia":[{"embeddable":true,"href":"https:\/\/www.strzelnica-magnum.pl\/en\/wp-json\/wp\/v2\/media\/3916"}],"wp:attachment":[{"href":"https:\/\/www.strzelnica-magnum.pl\/en\/wp-json\/wp\/v2\/media?parent=1647"}],"wp:term":[{"taxonomy":"product_cat","embeddable":true,"href":"https:\/\/www.strzelnica-magnum.pl\/en\/wp-json\/wp\/v2\/product_cat?post=1647"},{"taxonomy":"product_tag","embeddable":true,"href":"https:\/\/www.strzelnica-magnum.pl\/en\/wp-json\/wp\/v2\/product_tag?post=1647"}],"curies":[{"name":"wp","href":"https:\/\/api.w.org\/{rel}","templated":true}]}}