{"id":1641,"date":"2023-11-15T10:22:20","date_gmt":"2023-11-15T10:22:20","guid":{"rendered":"http:\/\/strzelnica-magnum.sitewww.eu\/uncategorized\/karabin-m14\/"},"modified":"2024-02-01T12:04:28","modified_gmt":"2024-02-01T12:04:28","slug":"karabin-m14","status":"publish","type":"product","link":"https:\/\/www.strzelnica-magnum.pl\/en\/equipment\/karabin-m14\/","title":{"rendered":"Karabin M14"},"content":{"rendered":"","protected":false},"excerpt":{"rendered":"<p><strong>Opis:<\/strong>\u00a0Karabin M14 tonast\u0119pca karabinu M1 Garand. R\u00f3\u017cni\u0142 si\u0119 od swego poprzednika pojemno\u015bci\u0105 magazynka i mo\u017cliwo\u015bci\u0105 prowadzenia ognia seriami. Zbyt silny nab\u00f3j powodowa\u0142, \u017ce broni nie da\u0142o si\u0119 opanowa\u0107 i utrzyma\u0107 na celu. Po pi\u0119ciu latach wycofanogo z produkcji, zast\u0119puj\u0105c go karabinkiem M16.<br \/>\n<strong>Cena za strza\u0142 (Price for shot):<\/strong>\u00a012,00<br \/>\n<strong>Kaliber:<\/strong>\u00a0.308 Win.<\/p>\n","protected":false},"featured_media":1171,"comment_status":"closed","ping_status":"closed","template":"","meta":[],"product_cat":[98,126],"product_tag":[],"class_list":{"0":"post-1641","1":"product","2":"type-product","3":"status-publish","4":"has-post-thumbnail","6":"product_cat-equipment","7":"product_cat-our-equipment","9":"first","10":"instock","11":"product-type-simple"},"_links":{"self":[{"href":"https:\/\/www.strzelnica-magnum.pl\/en\/wp-json\/wp\/v2\/product\/1641","targetHints":{"allow":["GET"]}}],"collection":[{"href":"https:\/\/www.strzelnica-magnum.pl\/en\/wp-json\/wp\/v2\/product"}],"about":[{"href":"https:\/\/www.strzelnica-magnum.pl\/en\/wp-json\/wp\/v2\/types\/product"}],"replies":[{"embeddable":true,"href":"https:\/\/www.strzelnica-magnum.pl\/en\/wp-json\/wp\/v2\/comments?post=1641"}],"wp:featuredmedia":[{"embeddable":true,"href":"https:\/\/www.strzelnica-magnum.pl\/en\/wp-json\/wp\/v2\/media\/1171"}],"wp:attachment":[{"href":"https:\/\/www.strzelnica-magnum.pl\/en\/wp-json\/wp\/v2\/media?parent=1641"}],"wp:term":[{"taxonomy":"product_cat","embeddable":true,"href":"https:\/\/www.strzelnica-magnum.pl\/en\/wp-json\/wp\/v2\/product_cat?post=1641"},{"taxonomy":"product_tag","embeddable":true,"href":"https:\/\/www.strzelnica-magnum.pl\/en\/wp-json\/wp\/v2\/product_tag?post=1641"}],"curies":[{"name":"wp","href":"https:\/\/api.w.org\/{rel}","templated":true}]}}