{"id":1636,"date":"2023-11-15T10:22:46","date_gmt":"2023-11-15T10:22:46","guid":{"rendered":"http:\/\/strzelnica-magnum.sitewww.eu\/uncategorized\/p-83\/"},"modified":"2024-02-01T12:22:06","modified_gmt":"2024-02-01T12:22:06","slug":"p-83","status":"publish","type":"product","link":"https:\/\/www.strzelnica-magnum.pl\/en\/equipment\/p-83\/","title":{"rendered":"P-83"},"content":{"rendered":"","protected":false},"excerpt":{"rendered":"<p><strong>Opis:<\/strong>\u00a0Pistolet nadal pozostaj\u0105cy na wyposa\u017ceniu wojska oraz policji. W przeciwie\u0144stwie do wsp\u00f3\u0142czesnych konstrukcji, dzia\u0142a na zasadzie odrzutu zamka swobodnego. Bro\u0144 zasilana niskoenergetyczn\u0105 amunicj\u0105, dzi\u0119ki czemu obecnie u\u017cywana do szkole\u0144 na egzaminy (wojsko, policja, ochrona itp.).<br \/>\n<strong>Cena za strza\u0142 (Price for shot):<\/strong>\u00a04,90<br \/>\n<strong>Kaliber:<\/strong>\u00a09 mm Makarow<\/p>\n","protected":false},"featured_media":1194,"comment_status":"closed","ping_status":"closed","template":"","meta":[],"product_cat":[98,126],"product_tag":[],"class_list":{"0":"post-1636","1":"product","2":"type-product","3":"status-publish","4":"has-post-thumbnail","6":"product_cat-equipment","7":"product_cat-our-equipment","9":"first","10":"instock","11":"product-type-simple"},"_links":{"self":[{"href":"https:\/\/www.strzelnica-magnum.pl\/en\/wp-json\/wp\/v2\/product\/1636","targetHints":{"allow":["GET"]}}],"collection":[{"href":"https:\/\/www.strzelnica-magnum.pl\/en\/wp-json\/wp\/v2\/product"}],"about":[{"href":"https:\/\/www.strzelnica-magnum.pl\/en\/wp-json\/wp\/v2\/types\/product"}],"replies":[{"embeddable":true,"href":"https:\/\/www.strzelnica-magnum.pl\/en\/wp-json\/wp\/v2\/comments?post=1636"}],"wp:featuredmedia":[{"embeddable":true,"href":"https:\/\/www.strzelnica-magnum.pl\/en\/wp-json\/wp\/v2\/media\/1194"}],"wp:attachment":[{"href":"https:\/\/www.strzelnica-magnum.pl\/en\/wp-json\/wp\/v2\/media?parent=1636"}],"wp:term":[{"taxonomy":"product_cat","embeddable":true,"href":"https:\/\/www.strzelnica-magnum.pl\/en\/wp-json\/wp\/v2\/product_cat?post=1636"},{"taxonomy":"product_tag","embeddable":true,"href":"https:\/\/www.strzelnica-magnum.pl\/en\/wp-json\/wp\/v2\/product_tag?post=1636"}],"curies":[{"name":"wp","href":"https:\/\/api.w.org\/{rel}","templated":true}]}}