{"id":1599,"date":"2023-11-15T10:23:45","date_gmt":"2023-11-15T10:23:45","guid":{"rendered":"http:\/\/strzelnica-magnum.sitewww.eu\/uncategorized\/glock-19-2\/"},"modified":"2024-04-12T09:57:29","modified_gmt":"2024-04-12T09:57:29","slug":"glock-19-2","status":"publish","type":"product","link":"https:\/\/www.strzelnica-magnum.pl\/en\/equipment\/short-weapon\/glock\/glock-19-2\/","title":{"rendered":"Glock 19x"},"content":{"rendered":"","protected":false},"excerpt":{"rendered":"<p><strong>GLOCK 19X<\/strong> to pierwszy na \u015bwiecie pistolet \u201eCrossover\u201d &#8211; \u0142\u0105czy w sobie najlepsze cechy dw\u00f3ch najpopularniejszych pistolet\u00f3w na \u015bwiecie.<br \/>\nPe\u0142nowymiarowy szkielet GLOCK 17 i kompaktowy zamek GLOCK 19 po\u0142\u0105czone razem, stworzy\u0142y pistolet zdolny podo\u0142a\u0107 ka\u017cdemu zadaniu. GLOCK 19X jest pierwszym w historii Pistoletem marki GLOCK z kolorowym zamkiem, wyko\u0144czonym ulepszon\u0105 pow\u0142ok\u0105\u00a0nPVD.<\/p>\n<p>GLOCK 19X zosta\u0142 wyposa\u017cony w now\u0105 luf\u0119 GLOCK Marksman Barrel (GMB), zapewniaj\u0105c\u0105 wi\u0119ksz\u0105 dok\u0142adno\u015b\u0107 dzi\u0119ki nowemu gwintowaniu i ulepszonej koronie. Ponadto zastosowano chwyt bez rowk\u00f3w na palce, dwustronn\u0105 d\u017awigni\u0119 zrzutu zamka oraz p\u0119tl\u0119 na smycz. Zmiany te zapewniaj\u0105 niebywa\u0142\u0105 ergonomi\u0119, powtarzalno\u015b\u0107 ka\u017cdego strza\u0142u oraz co najwa\u017cniejsze bezdyskusyjnie najwi\u0119ksz\u0105 niezawodno\u015b\u0107 w tej klasie pistolet\u00f3w.<\/p>\n<p><strong>Cena: 3900 z\u0142<\/strong><\/p>\n<p><em>Bro\u0144 palna, amunicja i istotne elementy broni nie s\u0105 sprzedawane on-line. Mo\u017cna je naby\u0107 osobi\u015bcie w naszym sklepie. Warunkiem nabycia broni jest przed\u0142o\u017cenie aktualnego za\u015bwiadczenia (promesy) uprawniaj\u0105cej do zakupu broni oraz dowodu osobistego. Niniejsz\u0105 ofert\u0119 zamieszczamy w celu pogl\u0105dowym. Przed zakupem broni prosimy o kontakt telefoniczny.<\/em><\/p>\n","protected":false},"featured_media":2081,"comment_status":"closed","ping_status":"closed","template":"","meta":[],"product_cat":[98,118,115],"product_tag":[],"class_list":{"0":"post-1599","1":"product","2":"type-product","3":"status-publish","4":"has-post-thumbnail","6":"product_cat-equipment","7":"product_cat-glock","8":"product_cat-short-weapon","10":"first","11":"instock","12":"purchasable","13":"product-type-simple"},"_links":{"self":[{"href":"https:\/\/www.strzelnica-magnum.pl\/en\/wp-json\/wp\/v2\/product\/1599","targetHints":{"allow":["GET"]}}],"collection":[{"href":"https:\/\/www.strzelnica-magnum.pl\/en\/wp-json\/wp\/v2\/product"}],"about":[{"href":"https:\/\/www.strzelnica-magnum.pl\/en\/wp-json\/wp\/v2\/types\/product"}],"replies":[{"embeddable":true,"href":"https:\/\/www.strzelnica-magnum.pl\/en\/wp-json\/wp\/v2\/comments?post=1599"}],"wp:featuredmedia":[{"embeddable":true,"href":"https:\/\/www.strzelnica-magnum.pl\/en\/wp-json\/wp\/v2\/media\/2081"}],"wp:attachment":[{"href":"https:\/\/www.strzelnica-magnum.pl\/en\/wp-json\/wp\/v2\/media?parent=1599"}],"wp:term":[{"taxonomy":"product_cat","embeddable":true,"href":"https:\/\/www.strzelnica-magnum.pl\/en\/wp-json\/wp\/v2\/product_cat?post=1599"},{"taxonomy":"product_tag","embeddable":true,"href":"https:\/\/www.strzelnica-magnum.pl\/en\/wp-json\/wp\/v2\/product_tag?post=1599"}],"curies":[{"name":"wp","href":"https:\/\/api.w.org\/{rel}","templated":true}]}}