{"id":1589,"date":"2023-11-15T10:23:45","date_gmt":"2023-11-15T10:23:45","guid":{"rendered":"http:\/\/strzelnica-magnum.sitewww.eu\/uncategorized\/canik-sft-mete\/"},"modified":"2024-04-11T13:37:04","modified_gmt":"2024-04-11T13:37:04","slug":"canik-sft-mete","status":"publish","type":"product","link":"https:\/\/www.strzelnica-magnum.pl\/en\/equipment\/short-weapon\/canik\/canik-sft-mete\/","title":{"rendered":"CANIK METE SFT"},"content":{"rendered":"","protected":false},"excerpt":{"rendered":"<p>Pe\u0142nowymiarowy pistolet, zaprojektowany dla s\u0142u\u017cb ochrony infrastruktury krytycznej. Sprawdzi si\u0119 w ka\u017cdej jednostce zajmuj\u0105cej si\u0119 ochron\u0105 obiekt\u00f3w, budynk\u00f3w a tak\u017ce do strzelectwa dynamicznego.<br \/>\nStandardowe wyposa\u017cenie zawiera dwa magazynki 18-nabojowe, kabur\u0119 i wymienny uchwyt. Na pistolecie mo\u017cna zamontowa\u0107 przyrz\u0105dy optoelektroniczne bez zdejmowania szczerbinki.<br \/>\n<strong>Cena 2850 z\u0142<\/strong><\/p>\n<p><em>Bro\u0144 palna, amunicja i istotne elementy broni nie s\u0105 sprzedawane on-line. Mo\u017cna je naby\u0107 osobi\u015bcie w naszym sklepie. Warunkiem nabycia broni jest przed\u0142o\u017cenie aktualnego za\u015bwiadczenia (promesy) uprawniaj\u0105cej do zakupu broni oraz dowodu osobistego. Niniejsz\u0105 ofert\u0119 zamieszczamy w celu pogl\u0105dowym. Przed zakupem broni prosimy o kontakt telefoniczny.<\/em><\/p>\n","protected":false},"featured_media":2127,"comment_status":"closed","ping_status":"closed","template":"","meta":[],"product_cat":[123,98,115],"product_tag":[],"class_list":{"0":"post-1589","1":"product","2":"type-product","3":"status-publish","4":"has-post-thumbnail","6":"product_cat-canik","7":"product_cat-equipment","8":"product_cat-short-weapon","10":"first","11":"instock","12":"purchasable","13":"product-type-simple"},"_links":{"self":[{"href":"https:\/\/www.strzelnica-magnum.pl\/en\/wp-json\/wp\/v2\/product\/1589","targetHints":{"allow":["GET"]}}],"collection":[{"href":"https:\/\/www.strzelnica-magnum.pl\/en\/wp-json\/wp\/v2\/product"}],"about":[{"href":"https:\/\/www.strzelnica-magnum.pl\/en\/wp-json\/wp\/v2\/types\/product"}],"replies":[{"embeddable":true,"href":"https:\/\/www.strzelnica-magnum.pl\/en\/wp-json\/wp\/v2\/comments?post=1589"}],"wp:featuredmedia":[{"embeddable":true,"href":"https:\/\/www.strzelnica-magnum.pl\/en\/wp-json\/wp\/v2\/media\/2127"}],"wp:attachment":[{"href":"https:\/\/www.strzelnica-magnum.pl\/en\/wp-json\/wp\/v2\/media?parent=1589"}],"wp:term":[{"taxonomy":"product_cat","embeddable":true,"href":"https:\/\/www.strzelnica-magnum.pl\/en\/wp-json\/wp\/v2\/product_cat?post=1589"},{"taxonomy":"product_tag","embeddable":true,"href":"https:\/\/www.strzelnica-magnum.pl\/en\/wp-json\/wp\/v2\/product_tag?post=1589"}],"curies":[{"name":"wp","href":"https:\/\/api.w.org\/{rel}","templated":true}]}}