{"id":1585,"date":"2023-11-15T10:23:45","date_gmt":"2023-11-15T10:23:45","guid":{"rendered":"http:\/\/strzelnica-magnum.sitewww.eu\/uncategorized\/glock-17-3\/"},"modified":"2024-04-06T11:09:46","modified_gmt":"2024-04-06T11:09:46","slug":"glock-17-3","status":"publish","type":"product","link":"https:\/\/www.strzelnica-magnum.pl\/en\/equipment\/short-weapon\/glock\/glock-17-3\/","title":{"rendered":"Glock 17 gen. 5"},"content":{"rendered":"","protected":false},"excerpt":{"rendered":"<p>Pistolet Glock 17 Gen 5 kal. 9x19mm to najnowsza ods\u0142ona konstrukcji austriackiego producenta. Na r\u0119koje\u015bci usuni\u0119to rowki na palce, zachowuj\u0105c jednak mo\u017cliwo\u015b\u0107 dostosowania wielko\u015bci do d\u0142oni strzelca za pomoc\u0105 r\u00f3\u017cnych ok\u0142adzin na r\u0119koje\u015bci. Powi\u0119kszony port magazynka pomagaj\u0105 w szybszym prze\u0142adowaniu broni. Model posiada r\u00f3wnie\u017c powi\u0119kszony, obustronny przycisk zwalniania magazynka, u\u0142atwia to u\u017cytkowanie broni strzelcom prawo i lewor\u0119cznym. Korona jak i gwintowanie lufy uleg\u0142y modyfikacji dla zwi\u0119kszenia celno\u015bci.<\/p>\n<p>G\u0142\u00f3wne zmiany w generacji 5:<br \/>\n&#8211; dwustronna d\u017awignia zamka, umo\u017cliwia wygodn\u0105 obs\u0142ug\u0119 dla strzelc\u00f3w prawo i lewor\u0119cznych<br \/>\n&#8211; Glock Marksman Barrel &#8211; lufa poligonalna o zmienionym gwintowaniu i zmodyfikowanej koronie, zapewniaj\u0105ca lepsz\u0105 celno\u015b\u0107<br \/>\n&#8211; nowe wyko\u0144czenie nDLC, pow\u0142oka o bardzo wysokiej odporno\u015bci na korozj\u0119 i zarysowania<br \/>\n&#8211; prosty, klasyczny chwyt bez profilowania na palce, zapewnia lepsz\u0105 kontrol\u0119 nad broni\u0105 ka\u017cdemu strzelcowi niezale\u017cnie od wielko\u015bci d\u0142oni<br \/>\n&#8211; powi\u0119kszony otw\u00f3r gniazda magazynka pozwala na szybsz\u0105 wymian\u0119 magazynka<br \/>\n&#8211; modyfikowany mechanizm spustowy, bezpiecznik iglicy oraz sama iglica<br \/>\n&#8211; bardzo dobrze widoczny kontrastowy dono\u015bnik magazynka pozwala na szybsz\u0105 identyfikacj\u0119 stanu za\u0142adowania broni<\/p>\n<p><strong>Cena: 3420 z\u0142<\/strong><\/p>\n<p><em>Bro\u0144 palna, amunicja i istotne elementy broni nie s\u0105 sprzedawane on-line. Mo\u017cna je naby\u0107 osobi\u015bcie w naszym sklepie. Warunkiem nabycia broni jest przed\u0142o\u017cenie aktualnego za\u015bwiadczenia (promesy) uprawniaj\u0105cej do zakupu broni oraz dowodu osobistego. Niniejsz\u0105 ofert\u0119 zamieszczamy w celu pogl\u0105dowym. Przed zakupem broni prosimy o kontakt telefoniczny.<\/em><\/p>\n","protected":false},"featured_media":2015,"comment_status":"closed","ping_status":"closed","template":"","meta":[],"product_cat":[98,118,115],"product_tag":[],"class_list":{"0":"post-1585","1":"product","2":"type-product","3":"status-publish","4":"has-post-thumbnail","6":"product_cat-equipment","7":"product_cat-glock","8":"product_cat-short-weapon","10":"first","11":"instock","12":"purchasable","13":"product-type-simple"},"_links":{"self":[{"href":"https:\/\/www.strzelnica-magnum.pl\/en\/wp-json\/wp\/v2\/product\/1585","targetHints":{"allow":["GET"]}}],"collection":[{"href":"https:\/\/www.strzelnica-magnum.pl\/en\/wp-json\/wp\/v2\/product"}],"about":[{"href":"https:\/\/www.strzelnica-magnum.pl\/en\/wp-json\/wp\/v2\/types\/product"}],"replies":[{"embeddable":true,"href":"https:\/\/www.strzelnica-magnum.pl\/en\/wp-json\/wp\/v2\/comments?post=1585"}],"wp:featuredmedia":[{"embeddable":true,"href":"https:\/\/www.strzelnica-magnum.pl\/en\/wp-json\/wp\/v2\/media\/2015"}],"wp:attachment":[{"href":"https:\/\/www.strzelnica-magnum.pl\/en\/wp-json\/wp\/v2\/media?parent=1585"}],"wp:term":[{"taxonomy":"product_cat","embeddable":true,"href":"https:\/\/www.strzelnica-magnum.pl\/en\/wp-json\/wp\/v2\/product_cat?post=1585"},{"taxonomy":"product_tag","embeddable":true,"href":"https:\/\/www.strzelnica-magnum.pl\/en\/wp-json\/wp\/v2\/product_tag?post=1585"}],"curies":[{"name":"wp","href":"https:\/\/api.w.org\/{rel}","templated":true}]}}