{"id":1580,"date":"2023-11-15T10:24:07","date_gmt":"2023-11-15T10:24:07","guid":{"rendered":"http:\/\/strzelnica-magnum.sitewww.eu\/uncategorized\/canik-tp9-sf-elite\/"},"modified":"2024-03-16T12:41:14","modified_gmt":"2024-03-16T12:41:14","slug":"canik-tp9-sf-elite","status":"publish","type":"product","link":"https:\/\/www.strzelnica-magnum.pl\/en\/equipment\/short-weapon\/canik\/canik-tp9-sf-elite\/","title":{"rendered":"CANIK TP9 SF ELITE"},"content":{"rendered":"","protected":false},"excerpt":{"rendered":"<p><strong>Model TP9 SF Elite <\/strong>to \u015bredniej wielko\u015bci model serii TP zasilany 15-sto nabojowym magazynkiem. Model ma prawo do tytu\u0142u \u201eElite\u201d ze wzgl\u0119du na obustronny zatrzask zamka, zaprojektowany zupe\u0142nie od nowa system bezpiecze\u0144stwa spustu, celownik \u015bwiat\u0142owodowy Warren i zamkni\u0119ty mechanizm igliczny oraz zmniejszony chwyt. Konstrukcja szkieletu broni zosta\u0142a zmodyfikowana w por\u00f3wnaniu z poprzedni\u0105 seri\u0105 TP, dzi\u0119ki czemu zapewnia wi\u0119ksz\u0105 wygod\u0119 podczas strzelania. Opr\u00f3cz wygodnego systemu przenoszenia, dzi\u0119ki swojemu rozmiarowi, d\u0142ugo\u015b\u0107 spustu zosta\u0142a r\u00f3wnie\u017c skr\u00f3cona poprzez ulepszony mechanizm bezpiecznika spustowego. W ten spos\u00f3b zosta\u0142 podniesiony poziom wygody podczas strzelania przez kobiety.<br \/>\n<strong>Cena 2199 z\u0142<\/strong><\/p>\n<p><em>Bro\u0144 palna, amunicja i istotne elementy broni nie s\u0105 sprzedawane on-line. Mo\u017cna je naby\u0107 osobi\u015bcie w naszym sklepie. Warunkiem nabycia broni jest przed\u0142o\u017cenie aktualnego za\u015bwiadczenia (promesy) uprawniaj\u0105cej do zakupu broni oraz dowodu osobistego. Niniejsz\u0105 ofert\u0119 zamieszczamy w celu pogl\u0105dowym. Przed zakupem broni prosimy o kontakt telefoniczny.<\/em><\/p>\n","protected":false},"featured_media":1267,"comment_status":"closed","ping_status":"closed","template":"","meta":[],"product_cat":[123,98,115],"product_tag":[],"class_list":{"0":"post-1580","1":"product","2":"type-product","3":"status-publish","4":"has-post-thumbnail","6":"product_cat-canik","7":"product_cat-equipment","8":"product_cat-short-weapon","10":"first","11":"onbackorder","12":"purchasable","13":"product-type-simple"},"_links":{"self":[{"href":"https:\/\/www.strzelnica-magnum.pl\/en\/wp-json\/wp\/v2\/product\/1580","targetHints":{"allow":["GET"]}}],"collection":[{"href":"https:\/\/www.strzelnica-magnum.pl\/en\/wp-json\/wp\/v2\/product"}],"about":[{"href":"https:\/\/www.strzelnica-magnum.pl\/en\/wp-json\/wp\/v2\/types\/product"}],"replies":[{"embeddable":true,"href":"https:\/\/www.strzelnica-magnum.pl\/en\/wp-json\/wp\/v2\/comments?post=1580"}],"wp:featuredmedia":[{"embeddable":true,"href":"https:\/\/www.strzelnica-magnum.pl\/en\/wp-json\/wp\/v2\/media\/1267"}],"wp:attachment":[{"href":"https:\/\/www.strzelnica-magnum.pl\/en\/wp-json\/wp\/v2\/media?parent=1580"}],"wp:term":[{"taxonomy":"product_cat","embeddable":true,"href":"https:\/\/www.strzelnica-magnum.pl\/en\/wp-json\/wp\/v2\/product_cat?post=1580"},{"taxonomy":"product_tag","embeddable":true,"href":"https:\/\/www.strzelnica-magnum.pl\/en\/wp-json\/wp\/v2\/product_tag?post=1580"}],"curies":[{"name":"wp","href":"https:\/\/api.w.org\/{rel}","templated":true}]}}