{"id":1559,"date":"2023-11-15T10:24:46","date_gmt":"2023-11-15T10:24:46","guid":{"rendered":"http:\/\/strzelnica-magnum.sitewww.eu\/uncategorized\/glock-34\/"},"modified":"2024-03-16T13:59:26","modified_gmt":"2024-03-16T13:59:26","slug":"glock-34","status":"publish","type":"product","link":"https:\/\/www.strzelnica-magnum.pl\/en\/equipment\/short-weapon\/glock\/glock-34\/","title":{"rendered":"Glock 34"},"content":{"rendered":"","protected":false},"excerpt":{"rendered":"<p>Glock 34 gen.5 to usportowiona wersja tego kultowego Glocka. Ma d\u0142u\u017csz\u0105 luf\u0119 i zamek i lepszy spust. Zamek jest odchudzony przez co bro\u0144 pracuje bardziej p\u0142asko ni\u017c Model 17. D\u0142u\u017csza lufa i linia celowania przek\u0142adaj\u0105 si\u0119 na wi\u0119ksz\u0105 celno\u015b\u0107.<br \/>\nNajnowsza wersja pistoletu Glock zawiera ponad 20 modyfikacji konstrukcyjnych wzgl\u0119dem czwartej generacji w tym<br \/>\n&#8211; dwustronna d\u017awignia zamka, umo\u017cliwia wygodn\u0105 obs\u0142ug\u0119 dla strzelc\u00f3w prawo i lewor\u0119cznych<br \/>\n&#8211; prosty, klasyczny chwyt bez profilowania na palce, zapewnia lepsz\u0105 kontrol\u0119 nad broni\u0105 ka\u017cdemu strzelcowi niezale\u017cnie od wielko\u015bci d\u0142oni<br \/>\n&#8211; poprawiony mechanizm spustowy oraz iglica wraz z jej bezpiecznikiem, co przek\u0142ada si\u0119 na zwi\u0119kszon\u0105 \u017cywotno\u015b\u0107 broni i lepsz\u0105 prac\u0119 spustu<br \/>\n&#8211; Glock Marksman Barrel &#8211;  lufa poligonalna o zmienionym gwintowaniu i zmodyfikowanej koronie, zapewniaj\u0105ca lepsz\u0105 celno\u015b\u0107<br \/>\n&#8211; bardzo trwa\u0142e wyko\u0144czenie nDLC, zwi\u0119ksza odporno\u015b\u0107 na korozj\u0119 oraz zarysowania<br \/>\n&#8211; powi\u0119kszony otw\u00f3r gniazda magazynka pozwala na szybsz\u0105 wymian\u0119 magazynka<br \/>\n&#8211; powi\u0119kszona stopka magazynka r\u00f3wnie\u017c wp\u0142ywa na jego \u0142atwiejsz\u0105 wymian\u0119<br \/>\n&#8211; bardzo dobrze widoczny kontrastowy dono\u015bnik magazynka pozwala na szybsz\u0105 identyfikacj\u0119 stanu za\u0142adowania broni<\/p>\n<p><em>Bro\u0144 palna, amunicja i istotne elementy broni nie s\u0105 sprzedawane on-line. Mo\u017cna je naby\u0107 osobi\u015bcie w naszym sklepie. Warunkiem nabycia broni jest przed\u0142o\u017cenie aktualnego za\u015bwiadczenia (promesy) uprawniaj\u0105cej do zakupu broni oraz dowodu osobistego. Niniejsz\u0105 ofert\u0119 zamieszczamy w celu pogl\u0105dowym. Przed zakupem broni prosimy o kontakt telefoniczny.<\/em><\/p>\n","protected":false},"featured_media":1284,"comment_status":"closed","ping_status":"closed","template":"","meta":[],"product_cat":[98,118,115],"product_tag":[],"class_list":{"0":"post-1559","1":"product","2":"type-product","3":"status-publish","4":"has-post-thumbnail","6":"product_cat-equipment","7":"product_cat-glock","8":"product_cat-short-weapon","10":"first","11":"instock","12":"product-type-simple"},"_links":{"self":[{"href":"https:\/\/www.strzelnica-magnum.pl\/en\/wp-json\/wp\/v2\/product\/1559","targetHints":{"allow":["GET"]}}],"collection":[{"href":"https:\/\/www.strzelnica-magnum.pl\/en\/wp-json\/wp\/v2\/product"}],"about":[{"href":"https:\/\/www.strzelnica-magnum.pl\/en\/wp-json\/wp\/v2\/types\/product"}],"replies":[{"embeddable":true,"href":"https:\/\/www.strzelnica-magnum.pl\/en\/wp-json\/wp\/v2\/comments?post=1559"}],"wp:featuredmedia":[{"embeddable":true,"href":"https:\/\/www.strzelnica-magnum.pl\/en\/wp-json\/wp\/v2\/media\/1284"}],"wp:attachment":[{"href":"https:\/\/www.strzelnica-magnum.pl\/en\/wp-json\/wp\/v2\/media?parent=1559"}],"wp:term":[{"taxonomy":"product_cat","embeddable":true,"href":"https:\/\/www.strzelnica-magnum.pl\/en\/wp-json\/wp\/v2\/product_cat?post=1559"},{"taxonomy":"product_tag","embeddable":true,"href":"https:\/\/www.strzelnica-magnum.pl\/en\/wp-json\/wp\/v2\/product_tag?post=1559"}],"curies":[{"name":"wp","href":"https:\/\/api.w.org\/{rel}","templated":true}]}}