{"id":1548,"date":"2023-11-15T10:24:46","date_gmt":"2023-11-15T10:24:46","guid":{"rendered":"http:\/\/strzelnica-magnum.sitewww.eu\/uncategorized\/canik-tp9-sub-elite\/"},"modified":"2024-03-27T14:55:27","modified_gmt":"2024-03-27T14:55:27","slug":"canik-tp9-sub-elite","status":"publish","type":"product","link":"https:\/\/www.strzelnica-magnum.pl\/en\/equipment\/short-weapon\/canik\/canik-tp9-sub-elite\/","title":{"rendered":"CANIK TP9 SUB ELITE"},"content":{"rendered":"","protected":false},"excerpt":{"rendered":"<p><strong>TP9 Sub Elite<\/strong> jest pierwsz\u0105 sub-kompaktow\u0105 wersj\u0105 pistolet\u00f3w serii TP z luf\u0105 d\u0142ugo\u015bci 3,6 cala. TP9 Sub Elite oferuje te same funkcje, co standardowe modele i jest zaprojektowany tak, aby by\u0142 wolny od utrudnie\u0144 w celu dla lepszego ukrycia i szybszego dobywania broni. Oferuje r\u00f3wnie\u017c najlepsze rozwi\u0105zania potrzebne do pistoletu sub-kompaktowego do samoobrony; jest wyposa\u017cony w magazynek dwurz\u0119dowy, posiada naci\u0119cia z przodu zamka, dzienne\/nocne przyrz\u0105dy celownicze z funkcj\u0105 wsp\u00f3\u0142dzia\u0142ania z urz\u0105dzeniami mikrooptoelektronicznych. Skryta kabura do przenoszenia i zapasowy magazynek z podparciem palc\u00f3w s\u0105 standardem w zestawie wraz z \u0142adowark\u0105 do magazynk\u00f3w oraz zestawem do czyszczenia<br \/>\n<strong>Cena 2490 z\u0142 <\/strong><\/p>\n<p><em>Bro\u0144 palna, amunicja i istotne elementy broni nie s\u0105 sprzedawane on-line. Mo\u017cna je naby\u0107 osobi\u015bcie w naszym sklepie. Warunkiem nabycia broni jest przed\u0142o\u017cenie aktualnego za\u015bwiadczenia (promesy) uprawniaj\u0105cej do zakupu broni oraz dowodu osobistego. Niniejsz\u0105 ofert\u0119 zamieszczamy w celu pogl\u0105dowym. Przed zakupem broni prosimy o kontakt telefoniczny.<\/em><\/p>\n","protected":false},"featured_media":1274,"comment_status":"closed","ping_status":"closed","template":"","meta":[],"product_cat":[123,98,115],"product_tag":[],"class_list":{"0":"post-1548","1":"product","2":"type-product","3":"status-publish","4":"has-post-thumbnail","6":"product_cat-canik","7":"product_cat-equipment","8":"product_cat-short-weapon","10":"first","11":"onbackorder","12":"purchasable","13":"product-type-simple"},"_links":{"self":[{"href":"https:\/\/www.strzelnica-magnum.pl\/en\/wp-json\/wp\/v2\/product\/1548","targetHints":{"allow":["GET"]}}],"collection":[{"href":"https:\/\/www.strzelnica-magnum.pl\/en\/wp-json\/wp\/v2\/product"}],"about":[{"href":"https:\/\/www.strzelnica-magnum.pl\/en\/wp-json\/wp\/v2\/types\/product"}],"replies":[{"embeddable":true,"href":"https:\/\/www.strzelnica-magnum.pl\/en\/wp-json\/wp\/v2\/comments?post=1548"}],"wp:featuredmedia":[{"embeddable":true,"href":"https:\/\/www.strzelnica-magnum.pl\/en\/wp-json\/wp\/v2\/media\/1274"}],"wp:attachment":[{"href":"https:\/\/www.strzelnica-magnum.pl\/en\/wp-json\/wp\/v2\/media?parent=1548"}],"wp:term":[{"taxonomy":"product_cat","embeddable":true,"href":"https:\/\/www.strzelnica-magnum.pl\/en\/wp-json\/wp\/v2\/product_cat?post=1548"},{"taxonomy":"product_tag","embeddable":true,"href":"https:\/\/www.strzelnica-magnum.pl\/en\/wp-json\/wp\/v2\/product_tag?post=1548"}],"curies":[{"name":"wp","href":"https:\/\/api.w.org\/{rel}","templated":true}]}}