{"id":1542,"date":"2023-11-15T10:25:06","date_gmt":"2023-11-15T10:25:06","guid":{"rendered":"http:\/\/strzelnica-magnum.sitewww.eu\/uncategorized\/glock-43\/"},"modified":"2024-03-16T15:11:50","modified_gmt":"2024-03-16T15:11:50","slug":"glock-43","status":"publish","type":"product","link":"https:\/\/www.strzelnica-magnum.pl\/en\/equipment\/short-weapon\/glock\/glock-43\/","title":{"rendered":"Glock 43x"},"content":{"rendered":"","protected":false},"excerpt":{"rendered":"<p><strong>Glock 43x<\/strong> to pistolet klasy sub-compact slim z jednorz\u0119dowym magazynkiem o pojemno\u015bci 10 naboi kal. 9x19mm. Wersja X cechuje si\u0119 przed\u0142u\u017conym chwytem co zwi\u0119ksza ergonomie chwytu. Pistolet idealnie nadaje si\u0119 do skrytego noszenia na co dzie\u0144.<\/p>\n<p><strong>Cena 3100 z\u0142<\/strong><\/p>\n<p><em>Bro\u0144 palna, amunicja i istotne elementy broni nie s\u0105 sprzedawane on-line. Mo\u017cna je naby\u0107 osobi\u015bcie w naszym sklepie. Warunkiem nabycia broni jest przed\u0142o\u017cenie aktualnego za\u015bwiadczenia (promesy) uprawniaj\u0105cej do zakupu broni oraz dowodu osobistego. Niniejsz\u0105 ofert\u0119 zamieszczamy w celu pogl\u0105dowym. Przed zakupem broni prosimy o kontakt telefoniczny.<\/em><\/p>\n","protected":false},"featured_media":2036,"comment_status":"closed","ping_status":"closed","template":"","meta":[],"product_cat":[98,118,115],"product_tag":[],"class_list":{"0":"post-1542","1":"product","2":"type-product","3":"status-publish","4":"has-post-thumbnail","6":"product_cat-equipment","7":"product_cat-glock","8":"product_cat-short-weapon","10":"first","11":"onbackorder","12":"purchasable","13":"product-type-simple"},"_links":{"self":[{"href":"https:\/\/www.strzelnica-magnum.pl\/en\/wp-json\/wp\/v2\/product\/1542","targetHints":{"allow":["GET"]}}],"collection":[{"href":"https:\/\/www.strzelnica-magnum.pl\/en\/wp-json\/wp\/v2\/product"}],"about":[{"href":"https:\/\/www.strzelnica-magnum.pl\/en\/wp-json\/wp\/v2\/types\/product"}],"replies":[{"embeddable":true,"href":"https:\/\/www.strzelnica-magnum.pl\/en\/wp-json\/wp\/v2\/comments?post=1542"}],"wp:featuredmedia":[{"embeddable":true,"href":"https:\/\/www.strzelnica-magnum.pl\/en\/wp-json\/wp\/v2\/media\/2036"}],"wp:attachment":[{"href":"https:\/\/www.strzelnica-magnum.pl\/en\/wp-json\/wp\/v2\/media?parent=1542"}],"wp:term":[{"taxonomy":"product_cat","embeddable":true,"href":"https:\/\/www.strzelnica-magnum.pl\/en\/wp-json\/wp\/v2\/product_cat?post=1542"},{"taxonomy":"product_tag","embeddable":true,"href":"https:\/\/www.strzelnica-magnum.pl\/en\/wp-json\/wp\/v2\/product_tag?post=1542"}],"curies":[{"name":"wp","href":"https:\/\/api.w.org\/{rel}","templated":true}]}}