{"id":1533,"date":"2023-11-15T10:25:06","date_gmt":"2023-11-15T10:25:06","guid":{"rendered":"http:\/\/strzelnica-magnum.sitewww.eu\/uncategorized\/canik-tp9-elite-combat-executive\/"},"modified":"2024-03-16T12:34:36","modified_gmt":"2024-03-16T12:34:36","slug":"canik-tp9-elite-combat-executive","status":"publish","type":"product","link":"https:\/\/www.strzelnica-magnum.pl\/en\/equipment\/short-weapon\/canik\/canik-tp9-elite-combat-executive\/","title":{"rendered":"Canik TP9 Elite Combat Executive"},"content":{"rendered":"","protected":false},"excerpt":{"rendered":"<p><strong>TP9 Elite Combat<\/strong> to wszechstronny pistolet z cz\u0119\u015bciami zaprojektowanymi przez Salient Arms International. Lufa (SAI) zyska\u0142a dodatkow\u0105 wytrzyma\u0142o\u015b\u0107 dzi\u0119ki procesowi azotkowania, kt\u00f3ry nada\u0142 jej z\u0142oty kolor. Pistolet posiada kompaktow\u0105, polimerow\u0105 ram\u0119. Dzia\u0142a w systemie iglicznym. Posiada bogate wyposa\u017cenie w standardzie.<br \/>\n<strong>Cena 3199z\u0142<\/strong><\/p>\n<p><em>Bro\u0144 palna, amunicja i istotne elementy broni nie s\u0105 sprzedawane on-line. Mo\u017cna je naby\u0107 osobi\u015bcie w naszym sklepie. Warunkiem nabycia broni jest przed\u0142o\u017cenie aktualnego za\u015bwiadczenia (promesy) uprawniaj\u0105cej do zakupu broni oraz dowodu osobistego. Niniejsz\u0105 ofert\u0119 zamieszczamy w celu pogl\u0105dowym. Przed zakupem broni prosimy o kontakt telefoniczny.<\/em><\/p>\n","protected":false},"featured_media":1297,"comment_status":"closed","ping_status":"closed","template":"","meta":[],"product_cat":[123,98,115],"product_tag":[],"class_list":{"0":"post-1533","1":"product","2":"type-product","3":"status-publish","4":"has-post-thumbnail","6":"product_cat-canik","7":"product_cat-equipment","8":"product_cat-short-weapon","10":"first","11":"onbackorder","12":"purchasable","13":"product-type-simple"},"_links":{"self":[{"href":"https:\/\/www.strzelnica-magnum.pl\/en\/wp-json\/wp\/v2\/product\/1533","targetHints":{"allow":["GET"]}}],"collection":[{"href":"https:\/\/www.strzelnica-magnum.pl\/en\/wp-json\/wp\/v2\/product"}],"about":[{"href":"https:\/\/www.strzelnica-magnum.pl\/en\/wp-json\/wp\/v2\/types\/product"}],"replies":[{"embeddable":true,"href":"https:\/\/www.strzelnica-magnum.pl\/en\/wp-json\/wp\/v2\/comments?post=1533"}],"wp:featuredmedia":[{"embeddable":true,"href":"https:\/\/www.strzelnica-magnum.pl\/en\/wp-json\/wp\/v2\/media\/1297"}],"wp:attachment":[{"href":"https:\/\/www.strzelnica-magnum.pl\/en\/wp-json\/wp\/v2\/media?parent=1533"}],"wp:term":[{"taxonomy":"product_cat","embeddable":true,"href":"https:\/\/www.strzelnica-magnum.pl\/en\/wp-json\/wp\/v2\/product_cat?post=1533"},{"taxonomy":"product_tag","embeddable":true,"href":"https:\/\/www.strzelnica-magnum.pl\/en\/wp-json\/wp\/v2\/product_tag?post=1533"}],"curies":[{"name":"wp","href":"https:\/\/api.w.org\/{rel}","templated":true}]}}